{"id":20,"date":"2018-05-15T08:31:25","date_gmt":"2018-05-15T06:31:25","guid":{"rendered":"http:\/\/www.calzadoslamanueta.com\/?page_id=20"},"modified":"2018-06-25T09:08:24","modified_gmt":"2018-06-25T07:08:24","slug":"contacto","status":"publish","type":"page","link":"https:\/\/calzadoslamanueta.com\/index.php\/contacto\/","title":{"rendered":"Contacto"},"content":{"rendered":"<p>[vc_row][vc_column width=&#8221;1\/2&#8243;][vc_gmaps link=&#8221;#E-8_JTNDaWZyYW1lJTIwc3JjJTNEJTIyaHR0cHMlM0ElMkYlMkZ3d3cuZ29vZ2xlLmNvbSUyRm1hcHMlMkZlbWJlZCUzRnBiJTNEJTIxMW0xOCUyMTFtMTIlMjExbTMlMjExZDg3MC4wNzEwNDE0OTUzOTAxJTIxMmQtMS42NDM0NjAzMTYzNTM2NDY1JTIxM2Q0Mi44MTg4MTU0MzE2MTYxNCUyMTJtMyUyMTFmMCUyMTJmMCUyMTNmMCUyMTNtMiUyMTFpMTAyNCUyMTJpNzY4JTIxNGYxMy4xJTIxM20zJTIxMW0yJTIxMXMweGQ1MDkyZmJlYmE4NTcwNyUyNTNBMHgyZTIzMTQ2ODg0ZTQ4ZWExJTIxMnNDYWx6YWRvcyUyQkxhJTJCTWFudWV0YSUyMTVlMCUyMTNtMiUyMTFzZXMlMjEyc2VzJTIxNHYxNTI3MjQ4MTg5NDMyJTIyJTIwd2lkdGglM0QlMjI2MDAlMjIlMjBoZWlnaHQlM0QlMjI0NTAlMjIlMjBmcmFtZWJvcmRlciUzRCUyMjAlMjIlMjBzdHlsZSUzRCUyMmJvcmRlciUzQTAlMjIlMjBhbGxvd2Z1bGxzY3JlZW4lM0UlM0MlMkZpZnJhbWUlM0U=&#8221;][vc_column_text]<\/p>\n<h1>D\u00f3nde estamos<\/h1>\n<p>Nuestras dos tiendas est\u00e1n situadas en la calle Ma\u00f1ueta <strong>n\u00ba 4<\/strong> y el <strong>n\u00ba 11<\/strong> de Pamplona (Navarra).<\/p>\n<p>Puedes contactar por tel\u00e9fono en los n\u00fameros 948 22 97 19 \u00f3 948 22 12 83.[\/vc_column_text][\/vc_column][vc_column width=&#8221;5\/12&#8243;]\n<div class=\"wpcf7 no-js\" id=\"wpcf7-f4-o1\" lang=\"es-ES\" dir=\"ltr\" data-wpcf7-id=\"4\">\n<div class=\"screen-reader-response\"><p role=\"status\" aria-live=\"polite\" aria-atomic=\"true\"><\/p> <ul><\/ul><\/div>\n<form action=\"\/index.php\/wp-json\/wp\/v2\/pages\/20#wpcf7-f4-o1\" method=\"post\" class=\"wpcf7-form init\" aria-label=\"Formulario de contacto\" novalidate=\"novalidate\" data-status=\"init\">\n<fieldset class=\"hidden-fields-container\"><input type=\"hidden\" name=\"_wpcf7\" value=\"4\" \/><input type=\"hidden\" name=\"_wpcf7_version\" value=\"6.1.5\" \/><input type=\"hidden\" name=\"_wpcf7_locale\" value=\"es_ES\" \/><input type=\"hidden\" name=\"_wpcf7_unit_tag\" value=\"wpcf7-f4-o1\" \/><input type=\"hidden\" name=\"_wpcf7_container_post\" value=\"0\" \/><input type=\"hidden\" name=\"_wpcf7_posted_data_hash\" value=\"\" \/>\n<\/fieldset>\n<p><label> Nombre (requerido)<br \/>\n<span class=\"wpcf7-form-control-wrap\" data-name=\"your-name\"><input size=\"40\" maxlength=\"400\" class=\"wpcf7-form-control wpcf7-text wpcf7-validates-as-required\" aria-required=\"true\" aria-invalid=\"false\" value=\"\" type=\"text\" name=\"your-name\" \/><\/span> <\/label>\n<\/p>\n<p><label> Tu correo electr\u00f3nico (requerido)<br \/>\n<span class=\"wpcf7-form-control-wrap\" data-name=\"your-email\"><input size=\"40\" maxlength=\"400\" class=\"wpcf7-form-control wpcf7-email wpcf7-validates-as-required wpcf7-text wpcf7-validates-as-email\" aria-required=\"true\" aria-invalid=\"false\" value=\"\" type=\"email\" name=\"your-email\" \/><\/span> <\/label>\n<\/p>\n<p><label> Mensaje<br \/>\n<span class=\"wpcf7-form-control-wrap\" data-name=\"your-message\"><textarea cols=\"40\" rows=\"10\" maxlength=\"2000\" class=\"wpcf7-form-control wpcf7-textarea\" aria-invalid=\"false\" name=\"your-message\"><\/textarea><\/span> <\/label>\n<\/p>\n<p>[recaptcha]\n<\/p>\n<p><span><span class=\"wpcf7-form-control-wrap\" data-name=\"acceptance-279\"><span class=\"wpcf7-form-control wpcf7-acceptance\"><span class=\"wpcf7-list-item\"><input type=\"checkbox\" name=\"acceptance-279\" value=\"1\" aria-invalid=\"false\" \/><\/span><\/span><\/span> He le\u00eddo y acepto el <a target=\"_blank\" rel=\"nofollow noopener noreferrer\" href=\"https:\/\/calzadoslamanueta.com\/index.php\/avisos-legales\/\">Aviso Legal<\/a> y la <a target=\"_blank\" rel=\"nofollow noopener noreferrer\" href=\"https:\/\/calzadoslamanueta.com\/index.php\/politica-de-privacidad\/\">Pol\u00edtica de Privacidad<\/a>.<\/span><br \/>\n<input class=\"wpcf7-form-control wpcf7-submit has-spinner\" type=\"submit\" value=\"Enviar\" \/>\n<\/p><div class=\"wpcf7-response-output\" aria-hidden=\"true\"><\/div>\n<\/form>\n<\/div>\n[\/vc_column][\/vc_row]<\/p>\n<p>Horario:<\/p>\n<table class=\"WgFkxc\" style=\"height: 168px; width: 235px;\" border=\"0\" cellpadding=\"0\">\n<tbody>\n<tr class=\"K7Ltle\" style=\"height: 24px;\">\n<td class=\"SKNSIb\" style=\"width: 84px; height: 24px;\"><strong>lunes<\/strong><\/td>\n<td style=\"width: 306px; height: 24px;\">9:30\u201313:30, 16:30\u201320:00<\/td>\n<\/tr>\n<tr style=\"height: 24px;\">\n<td class=\"SKNSIb\" style=\"width: 84px; height: 24px;\"><strong>martes<\/strong><\/td>\n<td style=\"width: 306px; height: 24px;\">9:30\u201313:30, 16:30\u201320:00<\/td>\n<\/tr>\n<tr style=\"height: 24px;\">\n<td class=\"SKNSIb\" style=\"width: 84px; height: 24px;\"><strong>mi\u00e9rcoles<\/strong><\/td>\n<td style=\"width: 306px; height: 24px;\">9:30\u201313:30, 16:30\u201320:00<\/td>\n<\/tr>\n<tr style=\"height: 24px;\">\n<td class=\"SKNSIb\" style=\"width: 84px; height: 24px;\"><strong>jueves<\/strong><\/td>\n<td style=\"width: 306px; height: 24px;\">9:30\u201313:30, 16:30\u201320:00<\/td>\n<\/tr>\n<tr style=\"height: 24px;\">\n<td class=\"SKNSIb\" style=\"width: 84px; height: 24px;\"><strong>viernes<\/strong><\/td>\n<td style=\"width: 306px; height: 24px;\">9:30\u201313:30, 16:30\u201320:00<\/td>\n<\/tr>\n<tr style=\"height: 24px;\">\n<td class=\"SKNSIb\" style=\"width: 84px; height: 24px;\"><strong>s\u00e1bado<\/strong><\/td>\n<td style=\"width: 306px; height: 24px;\">9:30\u201313:30<\/td>\n<\/tr>\n<tr style=\"height: 24px;\">\n<td class=\"SKNSIb\" style=\"width: 84px; height: 24px;\"><strong>domingo<\/strong><\/td>\n<td style=\"width: 306px; height: 24px;\">Cerrado<\/td>\n<\/tr>\n<\/tbody>\n<\/table>\n<p>&nbsp;<\/p>\n","protected":false},"excerpt":{"rendered":"<p>[vc_row][vc_column width=&#8221;1\/2&#8243;][vc_gmaps link=&#8221;#E-8_JTNDaWZyYW1lJTIwc3JjJTNEJTIyaHR0cHMlM0ElMkYlMkZ3d3cuZ29vZ2xlLmNvbSUyRm1hcHMlMkZlbWJlZCUzRnBiJTNEJTIxMW0xOCUyMTFtMTIlMjExbTMlMjExZDg3MC4wNzEwNDE0OTUzOTAxJTIxMmQtMS42NDM0NjAzMTYzNTM2NDY1JTIxM2Q0Mi44MTg4MTU0MzE2MTYxNCUyMTJtMyUyMTFmMCUyMTJmMCUyMTNmMCUyMTNtMiUyMTFpMTAyNCUyMTJpNzY4JTIxNGYxMy4xJTIxM20zJTIxMW0yJTIxMXMweGQ1MDkyZmJlYmE4NTcwNyUyNTNBMHgyZTIzMTQ2ODg0ZTQ4ZWExJTIxMnNDYWx6YWRvcyUyQkxhJTJCTWFudWV0YSUyMTVlMCUyMTNtMiUyMTFzZXMlMjEyc2VzJTIxNHYxNTI3MjQ4MTg5NDMyJTIyJTIwd2lkdGglM0QlMjI2MDAlMjIlMjBoZWlnaHQlM0QlMjI0NTAlMjIlMjBmcmFtZWJvcmRlciUzRCUyMjAlMjIlMjBzdHlsZSUzRCUyMmJvcmRlciUzQTAlMjIlMjBhbGxvd2Z1bGxzY3JlZW4lM0UlM0MlMkZpZnJhbWUlM0U=&#8221;][vc_column_text] D\u00f3nde estamos Nuestras dos tiendas est\u00e1n situadas en la calle Ma\u00f1ueta n\u00ba 4 y el n\u00ba 11 de Pamplona<\/p>\n","protected":false},"author":1,"featured_media":0,"parent":0,"menu_order":0,"comment_status":"closed","ping_status":"closed","template":"","meta":{"_monsterinsights_skip_tracking":false,"_monsterinsights_sitenote_active":false,"_monsterinsights_sitenote_note":"","_monsterinsights_sitenote_category":0,"footnotes":""},"class_list":["post-20","page","type-page","status-publish","hentry"],"_links":{"self":[{"href":"https:\/\/calzadoslamanueta.com\/index.php\/wp-json\/wp\/v2\/pages\/20","targetHints":{"allow":["GET"]}}],"collection":[{"href":"https:\/\/calzadoslamanueta.com\/index.php\/wp-json\/wp\/v2\/pages"}],"about":[{"href":"https:\/\/calzadoslamanueta.com\/index.php\/wp-json\/wp\/v2\/types\/page"}],"author":[{"embeddable":true,"href":"https:\/\/calzadoslamanueta.com\/index.php\/wp-json\/wp\/v2\/users\/1"}],"replies":[{"embeddable":true,"href":"https:\/\/calzadoslamanueta.com\/index.php\/wp-json\/wp\/v2\/comments?post=20"}],"version-history":[{"count":9,"href":"https:\/\/calzadoslamanueta.com\/index.php\/wp-json\/wp\/v2\/pages\/20\/revisions"}],"predecessor-version":[{"id":4861,"href":"https:\/\/calzadoslamanueta.com\/index.php\/wp-json\/wp\/v2\/pages\/20\/revisions\/4861"}],"wp:attachment":[{"href":"https:\/\/calzadoslamanueta.com\/index.php\/wp-json\/wp\/v2\/media?parent=20"}],"curies":[{"name":"wp","href":"https:\/\/api.w.org\/{rel}","templated":true}]}}