{"id":15,"date":"2018-05-15T08:30:46","date_gmt":"2018-05-15T06:30:46","guid":{"rendered":"http:\/\/www.calzadoslamanueta.com\/?page_id=15"},"modified":"2018-06-21T13:20:29","modified_gmt":"2018-06-21T11:20:29","slug":"servicios","status":"publish","type":"page","link":"https:\/\/calzadoslamanueta.com\/index.php\/servicios\/","title":{"rendered":"Nosotros"},"content":{"rendered":"<blockquote><p><em><strong><span style=\"font-size: 12pt;\">Calzados La Ma\u00f1ueta, abri\u00f3 sus puertas en la calle del mismo nombre por primera vez el 1 de Abril de 1962.<\/span><\/strong><\/em><\/p>\n<p><em><strong><span style=\"font-size: 12pt;\">De nuestros comienzos hasta hoy se ha producido un cambio generacional natural por el paso del tiempo, pero contin\u00faa ese esfuerzo e ilusi\u00f3n en todo lo que hacemos.<\/span><\/strong><\/em><\/p>\n<p><strong><span style=\"font-size: 12pt;\">Siendo fieles a nuestro origen, continuamos ofreciendo a nuestros clientes los que consideramos nuestros productos estrella, como nuestras variadas alpargatas de colores, rayas, y estampados, asi como nuestras famosas zapatillas para casa, desde las m\u00e1s cl\u00e1sicas, hasta las m\u00e1s innovadoras, y por supuesto, COMO SIEMPRE, con unos precios muy competitivos.<\/span><\/strong><\/p>\n<p><strong><span style=\"font-size: 12pt;\">Posteri\u00f3rmente a la apertura de nuestra tienda de zapatillas, abrimos en la misma calle un segundo local, para ofrecer un servicio m\u00e1s completo, con una oferta centrada m\u00e1s en calzado deportivo, de monta\u00f1a, sandalias de piel, de fantas\u00eda, alpargatas de moda, tanto para hombre como para mujer y ni\u00f1o\/a.<\/span><\/strong><\/p>\n<p><strong><span style=\"font-size: 12pt;\">En estos tiempos que vivimos, creemos que el comercio de cercan\u00eda, (el de toda la vida), es esencial para el desarrollo de los barrios y de las ciudades, y contagia a la ciudadan\u00eda de unos valores en el trato humano, que otras v\u00edas de comercio no.<\/span><\/strong><\/p>\n","protected":false},"excerpt":{"rendered":"<p>Calzados La Ma\u00f1ueta, abri\u00f3 sus puertas en la calle del mismo nombre por primera vez el 1 de Abril de 1962. De<\/p>\n","protected":false},"author":1,"featured_media":0,"parent":0,"menu_order":0,"comment_status":"closed","ping_status":"closed","template":"","meta":{"_monsterinsights_skip_tracking":false,"_monsterinsights_sitenote_active":false,"_monsterinsights_sitenote_note":"","_monsterinsights_sitenote_category":0,"footnotes":""},"class_list":["post-15","page","type-page","status-publish","hentry"],"_links":{"self":[{"href":"https:\/\/calzadoslamanueta.com\/index.php\/wp-json\/wp\/v2\/pages\/15","targetHints":{"allow":["GET"]}}],"collection":[{"href":"https:\/\/calzadoslamanueta.com\/index.php\/wp-json\/wp\/v2\/pages"}],"about":[{"href":"https:\/\/calzadoslamanueta.com\/index.php\/wp-json\/wp\/v2\/types\/page"}],"author":[{"embeddable":true,"href":"https:\/\/calzadoslamanueta.com\/index.php\/wp-json\/wp\/v2\/users\/1"}],"replies":[{"embeddable":true,"href":"https:\/\/calzadoslamanueta.com\/index.php\/wp-json\/wp\/v2\/comments?post=15"}],"version-history":[{"count":6,"href":"https:\/\/calzadoslamanueta.com\/index.php\/wp-json\/wp\/v2\/pages\/15\/revisions"}],"predecessor-version":[{"id":4850,"href":"https:\/\/calzadoslamanueta.com\/index.php\/wp-json\/wp\/v2\/pages\/15\/revisions\/4850"}],"wp:attachment":[{"href":"https:\/\/calzadoslamanueta.com\/index.php\/wp-json\/wp\/v2\/media?parent=15"}],"curies":[{"name":"wp","href":"https:\/\/api.w.org\/{rel}","templated":true}]}}